{"id":103,"date":"2023-10-19T15:43:57","date_gmt":"2023-10-19T15:43:57","guid":{"rendered":"https:\/\/usct.ch\/?page_id=103"},"modified":"2026-03-30T15:40:47","modified_gmt":"2026-03-30T15:40:47","slug":"zsl-gralslicht-zentrum-fuer-spirituelles-leben","status":"publish","type":"page","link":"https:\/\/usct.ch\/?page_id=103","title":{"rendered":"ZSL &#8211; Gralslicht (Zentrum f\u00fcr Spirituelles Leben)"},"content":{"rendered":"<div class=\"wp-block-group has-background\" style=\"background-color: #f5f5f5; border-radius: 10px; padding: 30px;\">\n<h3 class=\"wp-block-heading\">Besuchen Sie unseren Telegram-Kanal<\/h3>\n<p>Herzlich willkommen in unserer digitalen Gemeinschaft. Als erweitertes Angebot f\u00fcr Suchende teilen wir hier wertvolles Wissen \u00fcber die <strong>Suche nach dem Sinn des Lebens<\/strong>, das Erkennen der eigenen <strong>G\u00f6ttlichkeit<\/strong> und den individuellen <strong>Lichtweg<\/strong>.<\/p>\n<p class=\"has-small-font-size\">Klicke einfach auf den Button, um beizutreten (die App &#171;Telegram&#187; muss auf deinem Ger\u00e4t installiert sein):<\/p>\n<div class=\"wp-block-buttons\">\n<div class=\"wp-block-button\"><a class=\"wp-block-button__link has-white-color has-black-background-color has-text-color has-background wp-element-button\" href=\"https:\/\/t.me\/ZentrumspirituellesLeben\" target=\"_blank\" rel=\"noreferrer noopener\">Kanal beitreten<\/a><\/div>\n<\/div>\n<\/div>\n","protected":false},"excerpt":{"rendered":"<p>Besuchen Sie unseren Telegram-Kanal Herzlich willkommen in unserer digitalen Gemeinschaft. Als erweitertes Angebot f\u00fcr Suchende teilen wir hier wertvolles Wissen \u00fcber die Suche nach dem Sinn des Lebens, das Erkennen der eigenen G\u00f6ttlichkeit und den individuellen Lichtweg. Klicke einfach auf&#8230; <a class=\"more-link\" href=\"https:\/\/usct.ch\/?page_id=103\">Weiterlesen &rarr;<\/a><\/p>\n","protected":false},"author":1,"featured_media":0,"parent":0,"menu_order":0,"comment_status":"closed","ping_status":"closed","template":"","meta":{"footnotes":""},"class_list":["post-103","page","type-page","status-publish","hentry"],"_links":{"self":[{"href":"https:\/\/usct.ch\/index.php?rest_route=\/wp\/v2\/pages\/103","targetHints":{"allow":["GET"]}}],"collection":[{"href":"https:\/\/usct.ch\/index.php?rest_route=\/wp\/v2\/pages"}],"about":[{"href":"https:\/\/usct.ch\/index.php?rest_route=\/wp\/v2\/types\/page"}],"author":[{"embeddable":true,"href":"https:\/\/usct.ch\/index.php?rest_route=\/wp\/v2\/users\/1"}],"replies":[{"embeddable":true,"href":"https:\/\/usct.ch\/index.php?rest_route=%2Fwp%2Fv2%2Fcomments&post=103"}],"version-history":[{"count":5,"href":"https:\/\/usct.ch\/index.php?rest_route=\/wp\/v2\/pages\/103\/revisions"}],"predecessor-version":[{"id":118,"href":"https:\/\/usct.ch\/index.php?rest_route=\/wp\/v2\/pages\/103\/revisions\/118"}],"wp:attachment":[{"href":"https:\/\/usct.ch\/index.php?rest_route=%2Fwp%2Fv2%2Fmedia&parent=103"}],"curies":[{"name":"wp","href":"https:\/\/api.w.org\/{rel}","templated":true}]}}